{"id":2,"date":"2006-10-22T16:54:09","date_gmt":"2006-10-22T14:54:09","guid":{"rendered":""},"modified":"2008-05-25T22:33:04","modified_gmt":"2008-05-25T20:33:04","slug":"krisenbloggeruber","status":"publish","type":"page","link":"https:\/\/krisenblogger.de\/?page_id=2","title":{"rendered":"Krisenblogger.\u00fcber"},"content":{"rendered":"<p><img loading=\"lazy\" decoding=\"async\" src=\"https:\/\/krisenblogger.de\/wp-content\/uploads\/2008\/01\/dscn0443.JPG\" width=\"165\" style=\"width: 165px; height: 186px\" vspace=\"3\" hspace=\"12\" border=\"1\" align=\"left\" title=\"dscn0443.JPG\" alt=\"dscn0443.JPG\" height=\"186\" \/>\u00a0\u00a0<span style=\"font-weight: bold\" class=\"Apple-style-span\">Wer<\/span> sich als Wirtschafts- und Medienmensch nicht f\u00fcr Krisen interessiert, d\u00fcfte den falschen Beruf ergriffen haben. Am l\u00e4ngsten habe ich mich dem Thema Krise vor, w\u00e4hrend und nach dem Niedergang des Neuen Marktes besch\u00e4ftigt, nachdem ich als Journalist und Berater den Aufstieg vieler Gescheiterter hautnah miterlebt hatte. Man fuhr Vollgas, bis das Benzin ausging \u0096 oder vielmehr, als sich entgegen den Erwartungen keiner mehr fand, der die n\u00e4chste Tankf\u00fcllung zahlen wollte.<span style=\"font-weight: bold\" class=\"Apple-style-span\"><\/span><\/p>\n<p style=\"text-align: left\">\u00a0\u00a0Es scheint als w\u00fcrden Krisen in unserem Zeitalter zum Normalfall werden. Welch gro\u00dfes Unternehmen, welche Partei war in den letzten Jahren nicht von Krisen betroffen? Anders als Tsunamis und andere Katastrophen sind viele Unternehmenskrisen vorhersehbar, oft auch selbst gemacht oder werden durch Ignoranz oder gar Arroganz ausgel\u00f6st. In KRISENBLOGGER sollen aus diesem Grund nicht nur Krisensituationen aufgegriffen, sondern auch in bester Blog-Tradition \u0096 unter hoffentlich reger Beteiligung des Publikums \u0096 diskutiert und analysiert werden.<\/p>\n<p style=\"text-align: left\"><span style=\"font-weight: bold\" class=\"Apple-style-span\">\u00a0\u00a0Krisen-PR<\/span> <span style=\"font-weight: bold\" class=\"Apple-style-span\">und Reputations-Management<\/span> \u0096 in Erg\u00e4nzung zu dem erfolgreichen <a href=\"http:\/\/www.prblogger.de\">PR-Blogger<\/a> von Klaus Eck soll hier ebenfalls ihr Thema finden. Und wer gerne \u00fcber gesellschaftliche Krisen schreibt, ist ebenfalls eingeladen &#8211; schlie\u00dflich sind sie nicht zuletzt die Ausl\u00f6ser von makro- und mikro\u00f6konomischen Krisensituationen, denen hier der Schwerpunkt einger\u00e4umt werden soll.<\/p>\n<h2 style=\"border-bottom-width: 1px; border-bottom-style: solid; border-bottom-color: #cccccc; margin-top: 0px; margin-right: 0px; margin-bottom: 10px; margin-left: 0px; color: #666666; font-family: 'Trebuchet MS', Verdana, sans-serif; font-size: small; text-align: left; font-weight: bold; padding: 3px\" class=\"archive-header\"><\/h2>\n<p style=\"text-align: left\"><span style=\"color: #666666; font-family: 'Trebuchet MS'; font-size: 13px; font-weight: bold\" class=\"Apple-style-span\">Roland Keller ist<\/span><span style=\"color: #000000; font-family: Georgia; font-size: 16px; font-weight: normal\" class=\"Apple-style-span\"> <\/span>Journalist und Medienberater in M\u00fcnchen (siehe auch\u00a0<a href=\"http:\/\/www.viralclash.com\">www.viralclash.com<\/a>)<\/p>\n<p style=\"text-align: left\">\u00a0<\/p>\n<p style=\"text-align: left\">\u00a0\u00a0Wirtschafts-\/Medienjournalist seit 1988 f\u00fcr Magazine, Fachzeitschriften und Tageszeitungen.Seit 1993 ist einer der Themenschwerpunkte E-Commerce und Internet.Beratungen von Medien-Unternehmen im Bereich Finanzierung\/Programm\/Verwertung\/Marketing-Kommunikation.Buchver\u00f6ffenbtlichung &#8222;Goldgrube Internet?&#8220;, Focus\/Markt &amp; Technik<\/p>\n<p style=\"text-align: left\">\u00a0<\/p>\n<p style=\"text-align: left\">Weitere Blog:\u00a0<a href=\"http:\/\/www.viralclash.com\">www.viralclash.com\u00a0<\/a><\/p>\n<p class=\"archive-content\" style=\"clear: both; text-align: left; margin-top: 10px; margin-right: 0px; margin-bottom: 10px; margin-left: 0px\"><span class=\"Apple-style-span\" style=\"color: #000000; font-weight: normal; line-height: 19px\"><a href=\"mailto:rok@rolandkeller.de\" style=\"text-decoration: none; color: #666666\">E-Mail<\/a><\/span><\/p>\n<p class=\"archive-content\" style=\"clear: both; text-align: left; margin-top: 10px; margin-right: 0px; margin-bottom: 10px; margin-left: 0px\"><span class=\"Apple-style-span\" style=\"color: #000000; font-weight: normal; line-height: 19px\"><a href=\"mailto:rok@rolandkeller.de\" style=\"text-decoration: none; color: #666666\"><\/a><\/span><span class=\"Apple-style-span\" style=\"line-height: 20px\">Impressum: Roland Keller, Perfallstr. 1, 81675 M\u00fcnchen<\/span><\/p>\n","protected":false},"excerpt":{"rendered":"<p>\u00a0\u00a0Wer sich als Wirtschafts- und Medienmensch nicht f\u00fcr Krisen interessiert, d\u00fcfte den falschen Beruf ergriffen<\/p>\n","protected":false},"author":1,"featured_media":0,"parent":0,"menu_order":1,"comment_status":"open","ping_status":"open","template":"","meta":{"footnotes":""},"class_list":["post-2","page","type-page","status-publish","hentry"],"jetpack_sharing_enabled":true,"_links":{"self":[{"href":"https:\/\/krisenblogger.de\/index.php?rest_route=\/wp\/v2\/pages\/2","targetHints":{"allow":["GET"]}}],"collection":[{"href":"https:\/\/krisenblogger.de\/index.php?rest_route=\/wp\/v2\/pages"}],"about":[{"href":"https:\/\/krisenblogger.de\/index.php?rest_route=\/wp\/v2\/types\/page"}],"author":[{"embeddable":true,"href":"https:\/\/krisenblogger.de\/index.php?rest_route=\/wp\/v2\/users\/1"}],"replies":[{"embeddable":true,"href":"https:\/\/krisenblogger.de\/index.php?rest_route=%2Fwp%2Fv2%2Fcomments&post=2"}],"version-history":[{"count":0,"href":"https:\/\/krisenblogger.de\/index.php?rest_route=\/wp\/v2\/pages\/2\/revisions"}],"wp:attachment":[{"href":"https:\/\/krisenblogger.de\/index.php?rest_route=%2Fwp%2Fv2%2Fmedia&parent=2"}],"curies":[{"name":"wp","href":"https:\/\/api.w.org\/{rel}","templated":true}]}}